{"id":203,"date":"2020-06-02T16:23:05","date_gmt":"2020-06-02T14:23:05","guid":{"rendered":"http:\/\/lore-automobiles.be\/?page_id=203"},"modified":"2022-02-14T12:04:44","modified_gmt":"2022-02-14T11:04:44","slug":"batteries","status":"publish","type":"page","link":"https:\/\/lore-automobiles.be\/index.php\/batteries\/","title":{"rendered":"Batteries"},"content":{"rendered":"\n<p>Nous fournissons un large \u00e9ventail de batteries de qualit\u00e9, accessoires, accus sur mesure et ce, pour tous types de v\u00e9hicules&#8230;<\/p>\n\n\n\n<!--more-->\n\n\n\n<p>D\u00e9marrage-semi-traction-traction<br>Auto-moto-camion-tracteurs-bateaux<br>Pour v\u00e9hicules anciens<br>Batteries plomb-acide agm efb gel\u2026<br>Toutes la gammes de piles et accus<br>Accus pour tous types de boosters<br>Fabrication d&rsquo;accus sur mesures<br>Batteries gel optima redtop et yellowtop technology spiralcell tr\u00e8s puissantes<br>Accessoires pour batteries<\/p>\n","protected":false},"excerpt":{"rendered":"<p>Nous fournissons un large \u00e9ventail de batteries de qualit\u00e9, accessoires, accus sur mesure et ce, pour tous types de v\u00e9hicules&#8230;<\/p>\n","protected":false},"author":2,"featured_media":184,"parent":0,"menu_order":7,"comment_status":"closed","ping_status":"closed","template":"page-templates\/page-panel-left.php","meta":[],"_links":{"self":[{"href":"https:\/\/lore-automobiles.be\/index.php\/wp-json\/wp\/v2\/pages\/203"}],"collection":[{"href":"https:\/\/lore-automobiles.be\/index.php\/wp-json\/wp\/v2\/pages"}],"about":[{"href":"https:\/\/lore-automobiles.be\/index.php\/wp-json\/wp\/v2\/types\/page"}],"author":[{"embeddable":true,"href":"https:\/\/lore-automobiles.be\/index.php\/wp-json\/wp\/v2\/users\/2"}],"replies":[{"embeddable":true,"href":"https:\/\/lore-automobiles.be\/index.php\/wp-json\/wp\/v2\/comments?post=203"}],"version-history":[{"count":4,"href":"https:\/\/lore-automobiles.be\/index.php\/wp-json\/wp\/v2\/pages\/203\/revisions"}],"predecessor-version":[{"id":295,"href":"https:\/\/lore-automobiles.be\/index.php\/wp-json\/wp\/v2\/pages\/203\/revisions\/295"}],"wp:featuredmedia":[{"embeddable":true,"href":"https:\/\/lore-automobiles.be\/index.php\/wp-json\/wp\/v2\/media\/184"}],"wp:attachment":[{"href":"https:\/\/lore-automobiles.be\/index.php\/wp-json\/wp\/v2\/media?parent=203"}],"curies":[{"name":"wp","href":"https:\/\/api.w.org\/{rel}","templated":true}]}}