{"id":38,"date":"2016-10-24T14:13:41","date_gmt":"2016-10-24T14:13:41","guid":{"rendered":"http:\/\/localhost\/wlow3\/?page_id=2"},"modified":"2020-06-03T16:14:28","modified_gmt":"2020-06-03T14:14:28","slug":"sample-page-2-2","status":"publish","type":"page","link":"https:\/\/lore-automobiles.be\/index.php\/sample-page-2-2\/","title":{"rendered":"Qualit\u00e9 \/ Prix"},"content":{"rendered":"<p class=\"font_8\"><span class=\"color_31\">Les interventions sur un v\u00e9hicule co\u00fbtent souvent trop cher et on ne comprend pas toujours ce qu\u2019on fait \u00e0 votre voiture. LORE automobiles vous garantit la qualit\u00e9 du service \u00e0 un prix raisonnable.<\/span><\/p>\n\n\n<p><\/p>\n","protected":false},"excerpt":{"rendered":"<p>Les interventions sur un v\u00e9hicule co\u00fbtent souvent trop cher et on ne comprend pas toujours ce qu\u2019on fait \u00e0 votre voiture. LORE automobiles vous garantit la qualit\u00e9 du service \u00e0 un prix raisonnable.<\/p>\n","protected":false},"author":2,"featured_media":165,"parent":0,"menu_order":3,"comment_status":"closed","ping_status":"open","template":"page-templates\/focus.php","meta":[],"_links":{"self":[{"href":"https:\/\/lore-automobiles.be\/index.php\/wp-json\/wp\/v2\/pages\/38"}],"collection":[{"href":"https:\/\/lore-automobiles.be\/index.php\/wp-json\/wp\/v2\/pages"}],"about":[{"href":"https:\/\/lore-automobiles.be\/index.php\/wp-json\/wp\/v2\/types\/page"}],"author":[{"embeddable":true,"href":"https:\/\/lore-automobiles.be\/index.php\/wp-json\/wp\/v2\/users\/2"}],"replies":[{"embeddable":true,"href":"https:\/\/lore-automobiles.be\/index.php\/wp-json\/wp\/v2\/comments?post=38"}],"version-history":[{"count":4,"href":"https:\/\/lore-automobiles.be\/index.php\/wp-json\/wp\/v2\/pages\/38\/revisions"}],"predecessor-version":[{"id":265,"href":"https:\/\/lore-automobiles.be\/index.php\/wp-json\/wp\/v2\/pages\/38\/revisions\/265"}],"wp:featuredmedia":[{"embeddable":true,"href":"https:\/\/lore-automobiles.be\/index.php\/wp-json\/wp\/v2\/media\/165"}],"wp:attachment":[{"href":"https:\/\/lore-automobiles.be\/index.php\/wp-json\/wp\/v2\/media?parent=38"}],"curies":[{"name":"wp","href":"https:\/\/api.w.org\/{rel}","templated":true}]}}