{"id":39,"date":"2016-10-24T14:23:59","date_gmt":"2016-10-24T14:23:59","guid":{"rendered":"http:\/\/localhost\/wlow3\/?page_id=4"},"modified":"2020-05-18T18:29:17","modified_gmt":"2020-05-18T16:29:17","slug":"3-focus","status":"publish","type":"page","link":"https:\/\/lore-automobiles.be\/index.php\/3-focus\/","title":{"rendered":"Un service Rapide"},"content":{"rendered":"\n<p>Gr\u00e2ce \u00e0 sa connaissance et son exp\u00e9rience sur les v\u00e9hicules de toutes marques, LORE Automobiles vous offre un service rapide et efficace pour l&rsquo;entretien, la r\u00e9paration et la pr\u00e9paration de votre v\u00e9hicule.<\/p>\n","protected":false},"excerpt":{"rendered":"<p>Gr\u00e2ce \u00e0 sa connaissance et son exp\u00e9rience sur les v\u00e9hicules de toutes marques, LORE Automobiles vous offre un service rapide et efficace pour l&rsquo;entretien, la r\u00e9paration et la pr\u00e9paration de votre v\u00e9hicule.<\/p>\n","protected":false},"author":2,"featured_media":162,"parent":0,"menu_order":4,"comment_status":"closed","ping_status":"closed","template":"page-templates\/focus.php","meta":[],"_links":{"self":[{"href":"https:\/\/lore-automobiles.be\/index.php\/wp-json\/wp\/v2\/pages\/39"}],"collection":[{"href":"https:\/\/lore-automobiles.be\/index.php\/wp-json\/wp\/v2\/pages"}],"about":[{"href":"https:\/\/lore-automobiles.be\/index.php\/wp-json\/wp\/v2\/types\/page"}],"author":[{"embeddable":true,"href":"https:\/\/lore-automobiles.be\/index.php\/wp-json\/wp\/v2\/users\/2"}],"replies":[{"embeddable":true,"href":"https:\/\/lore-automobiles.be\/index.php\/wp-json\/wp\/v2\/comments?post=39"}],"version-history":[{"count":1,"href":"https:\/\/lore-automobiles.be\/index.php\/wp-json\/wp\/v2\/pages\/39\/revisions"}],"predecessor-version":[{"id":161,"href":"https:\/\/lore-automobiles.be\/index.php\/wp-json\/wp\/v2\/pages\/39\/revisions\/161"}],"wp:featuredmedia":[{"embeddable":true,"href":"https:\/\/lore-automobiles.be\/index.php\/wp-json\/wp\/v2\/media\/162"}],"wp:attachment":[{"href":"https:\/\/lore-automobiles.be\/index.php\/wp-json\/wp\/v2\/media?parent=39"}],"curies":[{"name":"wp","href":"https:\/\/api.w.org\/{rel}","templated":true}]}}