{"id":77,"date":"2016-10-24T14:27:14","date_gmt":"2016-10-24T14:27:14","guid":{"rendered":"http:\/\/localhost\/wlow3\/?page_id=7"},"modified":"2020-05-18T18:29:17","modified_gmt":"2020-05-18T16:29:17","slug":"2-menus","status":"publish","type":"page","link":"https:\/\/lore-automobiles.be\/index.php\/2-menus\/","title":{"rendered":"Nos comp\u00e9tences"},"content":{"rendered":"<p>Toujours \u00e0 l&rsquo;\u00e9coute de nos clients, nous sommes en mesure de vous donner un avis professionnel.<\/p>\n<p>Gr\u00e2ce \u00e0 nos connaissances en hydraulique, en pneumatique, en \u00e9lectricit\u00e9 et en informatique, nous identifions rapidement la source du probl\u00e8me et nous vous proposons toujours la solution la plus ad\u00e9quate.<\/p>\n\n\n<p><\/p>\n","protected":false},"excerpt":{"rendered":"<p>Toujours \u00e0 l&rsquo;\u00e9coute de nos clients, nous sommes en mesure de vous donner un avis professionnel. Gr\u00e2ce \u00e0 nos connaissances en hydraulique, en pneumatique, en \u00e9lectricit\u00e9 et en informatique, nous identifions rapidement la source du probl\u00e8me et nous vous proposons toujours la solution la plus ad\u00e9quate.<\/p>\n","protected":false},"author":2,"featured_media":160,"parent":0,"menu_order":2,"comment_status":"closed","ping_status":"closed","template":"page-templates\/focus.php","meta":[],"_links":{"self":[{"href":"https:\/\/lore-automobiles.be\/index.php\/wp-json\/wp\/v2\/pages\/77"}],"collection":[{"href":"https:\/\/lore-automobiles.be\/index.php\/wp-json\/wp\/v2\/pages"}],"about":[{"href":"https:\/\/lore-automobiles.be\/index.php\/wp-json\/wp\/v2\/types\/page"}],"author":[{"embeddable":true,"href":"https:\/\/lore-automobiles.be\/index.php\/wp-json\/wp\/v2\/users\/2"}],"replies":[{"embeddable":true,"href":"https:\/\/lore-automobiles.be\/index.php\/wp-json\/wp\/v2\/comments?post=77"}],"version-history":[{"count":4,"href":"https:\/\/lore-automobiles.be\/index.php\/wp-json\/wp\/v2\/pages\/77\/revisions"}],"predecessor-version":[{"id":163,"href":"https:\/\/lore-automobiles.be\/index.php\/wp-json\/wp\/v2\/pages\/77\/revisions\/163"}],"wp:featuredmedia":[{"embeddable":true,"href":"https:\/\/lore-automobiles.be\/index.php\/wp-json\/wp\/v2\/media\/160"}],"wp:attachment":[{"href":"https:\/\/lore-automobiles.be\/index.php\/wp-json\/wp\/v2\/media?parent=77"}],"curies":[{"name":"wp","href":"https:\/\/api.w.org\/{rel}","templated":true}]}}